{"id":1108,"date":"2018-04-24T14:08:47","date_gmt":"2018-04-24T12:08:47","guid":{"rendered":"http:\/\/csc-briare.fr\/?page_id=1108"},"modified":"2018-05-04T09:52:17","modified_gmt":"2018-05-04T07:52:17","slug":"protection-des-donnees-personnelles","status":"publish","type":"page","link":"https:\/\/csc-briare.fr\/?page_id=1108","title":{"rendered":"Protection des donn\u00e9es personnelles"},"content":{"rendered":"<p style=\"text-align: center;\"><img decoding=\"async\" class=\"alignnone wp-image-160 aligncenter\" src=\"http:\/\/tepservices.com\/wp-content\/uploads\/2018\/04\/Privacy-300x135.png\" alt=\"\" width=\"191\" height=\"86\" \/><br \/>\nLes donn\u00e9es d\u00e9tenues\u00a0 par\u00a0 CSC Briare sont les donn\u00e9es que vous lui avez communiqu\u00e9es comme :<\/p>\n<p style=\"text-align: center;\">Votre nom et pr\u00e9nom<br \/>\nVos coordonn\u00e9es postales<br \/>\nVos coordonn\u00e9es t\u00e9l\u00e9phoniques<br \/>\nVos coordonn\u00e9es num\u00e9riques (emails).<\/p>\n<p style=\"text-align: center;\">A tout moment, vous pouvez demander au CSC Briare de vous pr\u00e9senter les donn\u00e9es d\u00e9tenues.<br \/>\nA tout moment,\u00a0vous pouvez demander\u00a0 au CSC Briare de ne plus utiliser vos donn\u00e9es.<\/p>\n<p style=\"text-align: center;\">Vous avez le choix, cliquer sur l&rsquo;ic\u00f4ne correspondant \u00e0 votre choix<\/p>\n<div id=\"attachment_1110\" style=\"width: 160px\" class=\"wp-caption alignleft\"><a href=\"http:\/\/csc-briare.fr\/?p=1127\"><img decoding=\"async\" aria-describedby=\"caption-attachment-1110\" class=\"wp-image-1110 size-thumbnail\" src=\"http:\/\/csc-briare.fr\/wp-content\/uploads\/2018\/04\/49160014_s-150x150.jpg\" alt=\"\" width=\"150\" height=\"150\" srcset=\"https:\/\/csc-briare.fr\/wp-content\/uploads\/2018\/04\/49160014_s-150x150.jpg 150w, https:\/\/csc-briare.fr\/wp-content\/uploads\/2018\/04\/49160014_s-350x350.jpg 350w\" sizes=\"(max-width: 150px) 100vw, 150px\" \/><\/a><p id=\"caption-attachment-1110\" class=\"wp-caption-text\">Je n&rsquo;autorise pas CSC Briare \u00e0 utiliser les donn\u00e9es me concernant dans le cadre de mon adh\u00e9sion au CSC Briare.<\/p><\/div>\n<div id=\"attachment_1109\" style=\"width: 160px\" class=\"wp-caption alignright\"><a href=\"http:\/\/csc-briare.fr\/?p=1132\"><img decoding=\"async\" aria-describedby=\"caption-attachment-1109\" class=\"wp-image-1109 size-thumbnail\" src=\"http:\/\/csc-briare.fr\/wp-content\/uploads\/2018\/04\/64756581_s-150x150.jpg\" alt=\"\" width=\"150\" height=\"150\" srcset=\"https:\/\/csc-briare.fr\/wp-content\/uploads\/2018\/04\/64756581_s-150x150.jpg 150w, https:\/\/csc-briare.fr\/wp-content\/uploads\/2018\/04\/64756581_s-300x300.jpg 300w, https:\/\/csc-briare.fr\/wp-content\/uploads\/2018\/04\/64756581_s-350x350.jpg 350w, https:\/\/csc-briare.fr\/wp-content\/uploads\/2018\/04\/64756581_s.jpg 692w\" sizes=\"(max-width: 150px) 100vw, 150px\" \/><\/a><p id=\"caption-attachment-1109\" class=\"wp-caption-text\">J&rsquo;autorise CSC Briare \u00e0 utiliser les donn\u00e9es me concernant dans le cadre de mon adh\u00e9sion au CSC Briare.<\/p><\/div>\n","protected":false},"excerpt":{"rendered":"<p>Les donn\u00e9es d\u00e9tenues\u00a0 par\u00a0 CSC Briare sont les donn\u00e9es que vous lui avez communiqu\u00e9es comme : Votre nom et pr\u00e9nom Vos coordonn\u00e9es postales Vos coordonn\u00e9es t\u00e9l\u00e9phoniques Vos coordonn\u00e9es num\u00e9riques (emails). A tout moment, vous pouvez demander au CSC Briare de &hellip; <a href=\"https:\/\/csc-briare.fr\/?page_id=1108\">Continuer la lecture <span class=\"meta-nav\">&rarr;<\/span><\/a><\/p>\n","protected":false},"author":1,"featured_media":0,"parent":0,"menu_order":0,"comment_status":"closed","ping_status":"closed","template":"","meta":{"_EventAllDay":false,"_EventTimezone":"","_EventStartDate":"","_EventEndDate":"","_EventStartDateUTC":"","_EventEndDateUTC":"","_EventShowMap":false,"_EventShowMapLink":false,"_EventURL":"","_EventCost":"","_EventCostDescription":"","_EventCurrencySymbol":"","_EventCurrencyCode":"","_EventCurrencyPosition":"","_EventDateTimeSeparator":"","_EventTimeRangeSeparator":"","_EventOrganizerID":[],"_EventVenueID":[],"_OrganizerEmail":"","_OrganizerPhone":"","_OrganizerWebsite":"","_VenueAddress":"","_VenueCity":"","_VenueCountry":"","_VenueProvince":"","_VenueState":"","_VenueZip":"","_VenuePhone":"","_VenueURL":"","_VenueStateProvince":"","_VenueLat":"","_VenueLng":"","_VenueShowMap":false,"_VenueShowMapLink":false,"footnotes":""},"class_list":["post-1108","page","type-page","status-publish","hentry"],"_links":{"self":[{"href":"https:\/\/csc-briare.fr\/index.php?rest_route=\/wp\/v2\/pages\/1108","targetHints":{"allow":["GET"]}}],"collection":[{"href":"https:\/\/csc-briare.fr\/index.php?rest_route=\/wp\/v2\/pages"}],"about":[{"href":"https:\/\/csc-briare.fr\/index.php?rest_route=\/wp\/v2\/types\/page"}],"author":[{"embeddable":true,"href":"https:\/\/csc-briare.fr\/index.php?rest_route=\/wp\/v2\/users\/1"}],"replies":[{"embeddable":true,"href":"https:\/\/csc-briare.fr\/index.php?rest_route=%2Fwp%2Fv2%2Fcomments&post=1108"}],"version-history":[{"count":8,"href":"https:\/\/csc-briare.fr\/index.php?rest_route=\/wp\/v2\/pages\/1108\/revisions"}],"predecessor-version":[{"id":1136,"href":"https:\/\/csc-briare.fr\/index.php?rest_route=\/wp\/v2\/pages\/1108\/revisions\/1136"}],"wp:attachment":[{"href":"https:\/\/csc-briare.fr\/index.php?rest_route=%2Fwp%2Fv2%2Fmedia&parent=1108"}],"curies":[{"name":"wp","href":"https:\/\/api.w.org\/{rel}","templated":true}]}}