{"id":1447,"date":"2020-12-15T16:53:27","date_gmt":"2020-12-15T15:53:27","guid":{"rendered":"http:\/\/csc-briare.fr\/?page_id=1447"},"modified":"2020-12-15T16:53:27","modified_gmt":"2020-12-15T15:53:27","slug":"evenements","status":"publish","type":"page","link":"https:\/\/csc-briare.fr\/?page_id=1447","title":{"rendered":"\u00c9v\u00e8nements"},"content":{"rendered":"<p>Cette page est utilis\u00e9e par Events Made Easy. Ne la modifiez pas, ne l&rsquo;utilisez pas dans vos menus, ne la supprimez pas. Assurez-vous simplement que le param\u00e8tre EME appel\u00e9 \u00ab\u00a0Events  page\u00a0\u00bb pointe vers cette page. EME utilise cette page pour afficher tous les \u00e9v\u00e8nements, lieux, r\u00e9servations, cartes, etc. Si vous souhaitez supprimer cette page, cr\u00e9ez-en une nouvelle que EME peut utiliser et mettez \u00e0 jour le param\u00e8tre EME \u00ab\u00a0Events page\u00a0\u00bb en cons\u00e9quence.<\/p>\n","protected":false},"excerpt":{"rendered":"<p>Cette page est utilis\u00e9e par Events Made Easy. Ne la modifiez pas, ne l&rsquo;utilisez pas dans vos menus, ne la supprimez pas. Assurez-vous simplement que le param\u00e8tre EME appel\u00e9 \u00ab\u00a0Events page\u00a0\u00bb pointe vers cette page. EME utilise cette page pour &hellip; <a href=\"https:\/\/csc-briare.fr\/?page_id=1447\">Continuer la lecture <span class=\"meta-nav\">&rarr;<\/span><\/a><\/p>\n","protected":false},"author":1,"featured_media":0,"parent":0,"menu_order":0,"comment_status":"closed","ping_status":"closed","template":"","meta":{"_EventAllDay":false,"_EventTimezone":"","_EventStartDate":"","_EventEndDate":"","_EventStartDateUTC":"","_EventEndDateUTC":"","_EventShowMap":false,"_EventShowMapLink":false,"_EventURL":"","_EventCost":"","_EventCostDescription":"","_EventCurrencySymbol":"","_EventCurrencyCode":"","_EventCurrencyPosition":"","_EventDateTimeSeparator":"","_EventTimeRangeSeparator":"","_EventOrganizerID":[],"_EventVenueID":[],"_OrganizerEmail":"","_OrganizerPhone":"","_OrganizerWebsite":"","_VenueAddress":"","_VenueCity":"","_VenueCountry":"","_VenueProvince":"","_VenueState":"","_VenueZip":"","_VenuePhone":"","_VenueURL":"","_VenueStateProvince":"","_VenueLat":"","_VenueLng":"","_VenueShowMap":false,"_VenueShowMapLink":false,"footnotes":""},"class_list":["post-1447","page","type-page","status-publish","hentry"],"_links":{"self":[{"href":"https:\/\/csc-briare.fr\/index.php?rest_route=\/wp\/v2\/pages\/1447","targetHints":{"allow":["GET"]}}],"collection":[{"href":"https:\/\/csc-briare.fr\/index.php?rest_route=\/wp\/v2\/pages"}],"about":[{"href":"https:\/\/csc-briare.fr\/index.php?rest_route=\/wp\/v2\/types\/page"}],"author":[{"embeddable":true,"href":"https:\/\/csc-briare.fr\/index.php?rest_route=\/wp\/v2\/users\/1"}],"replies":[{"embeddable":true,"href":"https:\/\/csc-briare.fr\/index.php?rest_route=%2Fwp%2Fv2%2Fcomments&post=1447"}],"version-history":[{"count":0,"href":"https:\/\/csc-briare.fr\/index.php?rest_route=\/wp\/v2\/pages\/1447\/revisions"}],"wp:attachment":[{"href":"https:\/\/csc-briare.fr\/index.php?rest_route=%2Fwp%2Fv2%2Fmedia&parent=1447"}],"curies":[{"name":"wp","href":"https:\/\/api.w.org\/{rel}","templated":true}]}}