{"id":2460,"date":"2024-09-30T21:00:52","date_gmt":"2024-09-30T19:00:52","guid":{"rendered":"https:\/\/csc-briare.fr\/?page_id=2460"},"modified":"2024-09-30T21:16:00","modified_gmt":"2024-09-30T19:16:00","slug":"consentement-rgpd-doc","status":"publish","type":"page","link":"https:\/\/csc-briare.fr\/?page_id=2460","title":{"rendered":"Consentement RGPD (Doc)"},"content":{"rendered":"\n<p>Gestion des adh\u00e9rents dans l&rsquo;application web du CSC.<\/p>\n<p>Imprim\u00e9 \u00e0 faire sign\u00e9 au nouveau adh\u00e9rents.<\/p>\n<p><a href=\"http:\/\/csc-briare.fr\/wp-content\/uploads\/2024\/09\/Consentement-RGPD-CSC.pdf\">Consentement RGPD CSC<\/a><\/p>\n\n\n\n\n\n\n","protected":false},"excerpt":{"rendered":"<p>Gestion des adh\u00e9rents dans l&rsquo;application web du CSC. Imprim\u00e9 \u00e0 faire sign\u00e9 au nouveau adh\u00e9rents. Consentement RGPD CSC<\/p>\n","protected":false},"author":1,"featured_media":0,"parent":0,"menu_order":0,"comment_status":"closed","ping_status":"closed","template":"","meta":{"_EventAllDay":false,"_EventTimezone":"","_EventStartDate":"","_EventEndDate":"","_EventStartDateUTC":"","_EventEndDateUTC":"","_EventShowMap":false,"_EventShowMapLink":false,"_EventURL":"","_EventCost":"","_EventCostDescription":"","_EventCurrencySymbol":"","_EventCurrencyCode":"","_EventCurrencyPosition":"","_EventDateTimeSeparator":"","_EventTimeRangeSeparator":"","_EventOrganizerID":[],"_EventVenueID":[],"_OrganizerEmail":"","_OrganizerPhone":"","_OrganizerWebsite":"","_VenueAddress":"","_VenueCity":"","_VenueCountry":"","_VenueProvince":"","_VenueState":"","_VenueZip":"","_VenuePhone":"","_VenueURL":"","_VenueStateProvince":"","_VenueLat":"","_VenueLng":"","_VenueShowMap":false,"_VenueShowMapLink":false,"footnotes":""},"class_list":["post-2460","page","type-page","status-publish","hentry"],"_links":{"self":[{"href":"https:\/\/csc-briare.fr\/index.php?rest_route=\/wp\/v2\/pages\/2460","targetHints":{"allow":["GET"]}}],"collection":[{"href":"https:\/\/csc-briare.fr\/index.php?rest_route=\/wp\/v2\/pages"}],"about":[{"href":"https:\/\/csc-briare.fr\/index.php?rest_route=\/wp\/v2\/types\/page"}],"author":[{"embeddable":true,"href":"https:\/\/csc-briare.fr\/index.php?rest_route=\/wp\/v2\/users\/1"}],"replies":[{"embeddable":true,"href":"https:\/\/csc-briare.fr\/index.php?rest_route=%2Fwp%2Fv2%2Fcomments&post=2460"}],"version-history":[{"count":2,"href":"https:\/\/csc-briare.fr\/index.php?rest_route=\/wp\/v2\/pages\/2460\/revisions"}],"predecessor-version":[{"id":2469,"href":"https:\/\/csc-briare.fr\/index.php?rest_route=\/wp\/v2\/pages\/2460\/revisions\/2469"}],"wp:attachment":[{"href":"https:\/\/csc-briare.fr\/index.php?rest_route=%2Fwp%2Fv2%2Fmedia&parent=2460"}],"curies":[{"name":"wp","href":"https:\/\/api.w.org\/{rel}","templated":true}]}}