{"id":74,"date":"2015-10-11T21:20:01","date_gmt":"2015-10-11T19:20:01","guid":{"rendered":"http:\/\/csc-briare.fr\/?page_id=74"},"modified":"2024-09-04T20:46:13","modified_gmt":"2024-09-04T18:46:13","slug":"le-mot-de-la-presidente","status":"publish","type":"page","link":"https:\/\/csc-briare.fr\/?page_id=74","title":{"rendered":"Le mot du Pr\u00e9sident:"},"content":{"rendered":"\n<p><a href=\"http:\/\/csc-briare.fr\/wp-content\/uploads\/2018\/03\/cropped-Logo-CSC-Fond-transparent-page-001-e1521180793899.jpg\"><img decoding=\"async\" class=\" wp-image-1071 alignleft\" src=\"http:\/\/csc-briare.fr\/wp-content\/uploads\/2018\/03\/cropped-Logo-CSC-Fond-transparent-page-001-300x300.jpg\" alt=\"\" width=\"148\" height=\"148\" \/><\/a><\/p>\n<p><span style=\"font-family: georgia, palatino, serif;\">Notre Ville doit VIVRE, elle a besoin pour cela d&rsquo;\u00eatre ANIM\u00c9E<\/span><\/p>\n<p><span style=\"font-family: georgia, palatino, serif;\"><span style=\"font-size: medium;\">ANIMER, tel est l&rsquo;objectif de L&rsquo;ASSOCIATION du CENTRE SOCIO-CULTUREL de BRIARE qui regroupe 33 sections plus dynamiques les unes que les autres et toutes d\u00e9sireuses de contenter au mieux leurs nombreux adh\u00e9rents.<\/span> <span style=\"font-size: medium;\">Les Briarois et les habitants des communes voisines trouveront dans notre Association \u00e0 satisfaire leur go\u00fbt de:<\/span><\/span><\/p>\n<p><span style=\"font-family: georgia, palatino, serif;\"><span style=\"font-size: medium;\"><strong>CULTURE et des ARTS :<br \/><\/strong><\/span>&#8211; avec la lecture \u00a0 \u00a0 \u00a0 <strong>\u00a0 \u00a0 \u00a0 \u00a0 \u00a0 \u00a0 \u00a0 \u00a0 \u00a0 \u00a0 \u00a0 \u00a0 \u00a0 \u00a0 \u00a0 \u00a0 \u00a0 \u00a0 \u00a0 \u00a0 \u00a0 \u00a0 \u00a0 \u00a0 \u00a0 \u00a0 \u00a0 \u00a0 \u00a0 \u00a0 \u00a0 \u00a0 \u00a0 \u00a0 \u00a0 \u00a0 \u00a0 \u00a0\u00a0<\/strong><\/span><br \/><span style=\"font-family: georgia, palatino, serif;\">&#8211; les jeux de lettres et vocabulaire<\/span><br \/><span style=\"font-family: georgia, palatino, serif;\">&#8211; les jeux de r\u00e9flexion de strat\u00e9gie<\/span><br \/><span style=\"font-family: georgia, palatino, serif;\">&#8211; le cin\u00e9ma<\/span><br \/><span style=\"font-family: georgia, palatino, serif;\">&#8211; les collections<\/span><br \/><span style=\"font-family: georgia, palatino, serif;\">&#8211; la photographie<\/span><br \/><span style=\"font-family: georgia, palatino, serif;\">&#8211; la peinture<\/span><br \/><span style=\"font-family: georgia, palatino, serif;\">&#8211;\u00a0la danse<\/span><br \/><span style=\"font-family: georgia, palatino, serif;\">&#8211; la musique<\/span><br \/><span style=\"font-family: georgia, palatino, serif;\">&#8211; la poterie<\/span><br \/><span style=\"font-family: georgia, palatino, serif;\">&#8211; le th\u00e9\u00e2tre<\/span><br \/><span style=\"font-family: georgia, palatino, serif;\">&#8211; la broderie<\/span><br \/><span style=\"font-family: georgia, palatino, serif;\">&#8211; la g\u00e9n\u00e9alogie<\/span><br \/><span style=\"font-family: georgia, palatino, serif;\">&#8211; l&rsquo;informatique<\/span><\/p>\n<p><span style=\"font-family: georgia, palatino, serif;\"><strong>SPORTS :<\/strong><\/span><br \/><span style=\"font-family: georgia, palatino, serif;\">&#8211; sport de d\u00e9fense, de combat, de relaxation<\/span><br \/><span style=\"font-family: georgia, palatino, serif;\">&#8211;\u00a0sports de ballon rond et ovale<\/span><br \/><span style=\"font-family: georgia, palatino, serif;\">&#8211;\u00a0sports de raquettes<\/span><br \/><span style=\"font-family: georgia, palatino, serif;\">&#8211;\u00a0sport nautique<\/span><br \/><span style=\"font-family: georgia, palatino, serif;\">&#8211;\u00a0sport de marche<\/span><br \/><span style=\"font-family: georgia, palatino, serif;\">&#8211;\u00a0la gymnastique artistique et agr\u00e8s<\/span><br \/><span style=\"font-family: georgia, palatino, serif;\">&#8211;\u00a0la gymnastique de maintien<\/span><br \/><span style=\"font-family: georgia, palatino, serif;\">&#8211;\u00a0les sports de\u00a0glisse<br \/><span style=\"font-size: medium;\">&#8211; le Billard-Club-Briarois<\/span> <span style=\"font-size: medium;\">,<br \/><\/span><span style=\"font-size: medium;\">&#8211; le Strapontin ( troupe de th\u00e9\u00e2tre amateur)<\/span><span style=\"font-size: medium;\"><br \/><\/span>&#8211; les lames lig\u00e9riennes<br \/><\/span><\/p>\n<p><span style=\"font-family: georgia, palatino, serif;\"><strong>CONVIVIALIT\u00c9 :<br \/><\/strong><span style=\"font-size: medium;\">dans toutes les Sections et notamment au sein du\u00a0<\/span><span style=\"font-size: medium;\">Club des Seniors, club de loisirs aux activit\u00e9s multiples et vari\u00e9es.<\/span><\/span><\/p>\n<p><span style=\"font-family: georgia, palatino, serif;\"><span style=\"font-size: medium;\">Toutes les Sections fonctionnent de fa\u00e7on autonome, elles ont des animateurs comp\u00e9tents et sont encadr\u00e9es par des b\u00e9n\u00e9voles d\u00e9vou\u00e9s qui font honneur au<\/span> <span style=\"font-size: medium;\">CSC BRIARE.<\/span><\/span><\/p>\n<p><span style=\"font-size: medium; font-family: georgia, palatino, serif;\">L&rsquo;\u00e9gal acc\u00e8s \u00e0 l&rsquo;art, \u00e0 la culture, aux sports et aux loisirs est une volont\u00e9 naturellement partag\u00e9e par tous et facile \u00e0 mettre en \u0153uvre en venant rejoindre notre association.<\/span><\/p>\n","protected":false},"excerpt":{"rendered":"<p>Notre Ville doit VIVRE, elle a besoin pour cela d&rsquo;\u00eatre ANIM\u00c9E ANIMER, tel est l&rsquo;objectif de L&rsquo;ASSOCIATION du CENTRE SOCIO-CULTUREL de BRIARE qui regroupe 33 sections plus dynamiques les unes que les autres et toutes d\u00e9sireuses de contenter au mieux &hellip; <a href=\"https:\/\/csc-briare.fr\/?page_id=74\">Continuer la lecture <span class=\"meta-nav\">&rarr;<\/span><\/a><\/p>\n","protected":false},"author":1,"featured_media":0,"parent":0,"menu_order":0,"comment_status":"closed","ping_status":"closed","template":"","meta":{"_EventAllDay":false,"_EventTimezone":"","_EventStartDate":"","_EventEndDate":"","_EventStartDateUTC":"","_EventEndDateUTC":"","_EventShowMap":false,"_EventShowMapLink":false,"_EventURL":"","_EventCost":"","_EventCostDescription":"","_EventCurrencySymbol":"","_EventCurrencyCode":"","_EventCurrencyPosition":"","_EventDateTimeSeparator":"","_EventTimeRangeSeparator":"","_EventOrganizerID":[],"_EventVenueID":[],"_OrganizerEmail":"","_OrganizerPhone":"","_OrganizerWebsite":"","_VenueAddress":"","_VenueCity":"","_VenueCountry":"","_VenueProvince":"","_VenueState":"","_VenueZip":"","_VenuePhone":"","_VenueURL":"","_VenueStateProvince":"","_VenueLat":"","_VenueLng":"","_VenueShowMap":false,"_VenueShowMapLink":false,"footnotes":""},"class_list":["post-74","page","type-page","status-publish","hentry"],"_links":{"self":[{"href":"https:\/\/csc-briare.fr\/index.php?rest_route=\/wp\/v2\/pages\/74","targetHints":{"allow":["GET"]}}],"collection":[{"href":"https:\/\/csc-briare.fr\/index.php?rest_route=\/wp\/v2\/pages"}],"about":[{"href":"https:\/\/csc-briare.fr\/index.php?rest_route=\/wp\/v2\/types\/page"}],"author":[{"embeddable":true,"href":"https:\/\/csc-briare.fr\/index.php?rest_route=\/wp\/v2\/users\/1"}],"replies":[{"embeddable":true,"href":"https:\/\/csc-briare.fr\/index.php?rest_route=%2Fwp%2Fv2%2Fcomments&post=74"}],"version-history":[{"count":15,"href":"https:\/\/csc-briare.fr\/index.php?rest_route=\/wp\/v2\/pages\/74\/revisions"}],"predecessor-version":[{"id":2415,"href":"https:\/\/csc-briare.fr\/index.php?rest_route=\/wp\/v2\/pages\/74\/revisions\/2415"}],"wp:attachment":[{"href":"https:\/\/csc-briare.fr\/index.php?rest_route=%2Fwp%2Fv2%2Fmedia&parent=74"}],"curies":[{"name":"wp","href":"https:\/\/api.w.org\/{rel}","templated":true}]}}