{"id":884,"date":"2016-11-02T18:37:13","date_gmt":"2016-11-02T16:37:13","guid":{"rendered":"http:\/\/csc-briare.fr\/?page_id=884"},"modified":"2016-11-02T19:03:09","modified_gmt":"2016-11-02T17:03:09","slug":"frais-de-deplacement","status":"publish","type":"page","link":"https:\/\/csc-briare.fr\/?page_id=884","title":{"rendered":"Frais de D\u00e9placement"},"content":{"rendered":"<p>Note de Frais pour remboursement<\/p>\n<p><a href=\"http:\/\/csc-briare.fr\/wp-content\/uploads\/2016\/11\/note-de-frais-type.pdf\"><img fetchpriority=\"high\" decoding=\"async\" class=\"alignnone size-medium wp-image-890\" src=\"http:\/\/csc-briare.fr\/wp-content\/uploads\/2016\/11\/note-de-frais-type-page-001-300x212.jpg\" alt=\"note-de-frais-type-page-001\" width=\"300\" height=\"212\" srcset=\"https:\/\/csc-briare.fr\/wp-content\/uploads\/2016\/11\/note-de-frais-type-page-001-300x212.jpg 300w, https:\/\/csc-briare.fr\/wp-content\/uploads\/2016\/11\/note-de-frais-type-page-001-1024x724.jpg 1024w, https:\/\/csc-briare.fr\/wp-content\/uploads\/2016\/11\/note-de-frais-type-page-001.jpg 1754w\" sizes=\"(max-width: 300px) 100vw, 300px\" \/><\/a><\/p>\n<p>Cerfa pour don \u00e0 l&rsquo;association<\/p>\n<p><a href=\"http:\/\/csc-briare.fr\/wp-content\/uploads\/2016\/11\/fichedescriptiveformulaire_5185.pdf\"><img decoding=\"async\" class=\"alignnone size-medium wp-image-888\" src=\"http:\/\/csc-briare.fr\/wp-content\/uploads\/2016\/11\/fichedescriptiveformulaire_5185-page-001-212x300.jpg\" alt=\"fichedescriptiveformulaire_5185-page-001\" width=\"212\" height=\"300\" srcset=\"https:\/\/csc-briare.fr\/wp-content\/uploads\/2016\/11\/fichedescriptiveformulaire_5185-page-001-212x300.jpg 212w, https:\/\/csc-briare.fr\/wp-content\/uploads\/2016\/11\/fichedescriptiveformulaire_5185-page-001-724x1024.jpg 724w, https:\/\/csc-briare.fr\/wp-content\/uploads\/2016\/11\/fichedescriptiveformulaire_5185-page-001.jpg 1240w\" sizes=\"(max-width: 212px) 100vw, 212px\" \/><\/a><\/p>\n<p>D\u00e9clarations de frais engag\u00e9s pour don \u00e0 l&rsquo;association<\/p>\n<p><a href=\"http:\/\/csc-briare.fr\/wp-content\/uploads\/2016\/11\/convert-jpg-to-pdf.net_2016-11-02_18-01-16.pdf\"><img decoding=\"async\" class=\"alignnone size-medium wp-image-887\" src=\"http:\/\/csc-briare.fr\/wp-content\/uploads\/2016\/11\/Fiche_pratique_frais_des_benevoles_2015-page-004-212x300.jpg\" alt=\"fiche_pratique_frais_des_benevoles_2015-page-004\" width=\"212\" height=\"300\" srcset=\"https:\/\/csc-briare.fr\/wp-content\/uploads\/2016\/11\/Fiche_pratique_frais_des_benevoles_2015-page-004-212x300.jpg 212w, https:\/\/csc-briare.fr\/wp-content\/uploads\/2016\/11\/Fiche_pratique_frais_des_benevoles_2015-page-004-724x1024.jpg 724w, https:\/\/csc-briare.fr\/wp-content\/uploads\/2016\/11\/Fiche_pratique_frais_des_benevoles_2015-page-004.jpg 1240w\" sizes=\"(max-width: 212px) 100vw, 212px\" \/><\/a><\/p>\n","protected":false},"excerpt":{"rendered":"<p>Note de Frais pour remboursement Cerfa pour don \u00e0 l&rsquo;association D\u00e9clarations de frais engag\u00e9s pour don \u00e0 l&rsquo;association<\/p>\n","protected":false},"author":1,"featured_media":0,"parent":0,"menu_order":0,"comment_status":"closed","ping_status":"closed","template":"","meta":{"_EventAllDay":false,"_EventTimezone":"","_EventStartDate":"","_EventEndDate":"","_EventStartDateUTC":"","_EventEndDateUTC":"","_EventShowMap":false,"_EventShowMapLink":false,"_EventURL":"","_EventCost":"","_EventCostDescription":"","_EventCurrencySymbol":"","_EventCurrencyCode":"","_EventCurrencyPosition":"","_EventDateTimeSeparator":"","_EventTimeRangeSeparator":"","_EventOrganizerID":[],"_EventVenueID":[],"_OrganizerEmail":"","_OrganizerPhone":"","_OrganizerWebsite":"","_VenueAddress":"","_VenueCity":"","_VenueCountry":"","_VenueProvince":"","_VenueState":"","_VenueZip":"","_VenuePhone":"","_VenueURL":"","_VenueStateProvince":"","_VenueLat":"","_VenueLng":"","_VenueShowMap":false,"_VenueShowMapLink":false,"footnotes":""},"class_list":["post-884","page","type-page","status-publish","hentry"],"_links":{"self":[{"href":"https:\/\/csc-briare.fr\/index.php?rest_route=\/wp\/v2\/pages\/884","targetHints":{"allow":["GET"]}}],"collection":[{"href":"https:\/\/csc-briare.fr\/index.php?rest_route=\/wp\/v2\/pages"}],"about":[{"href":"https:\/\/csc-briare.fr\/index.php?rest_route=\/wp\/v2\/types\/page"}],"author":[{"embeddable":true,"href":"https:\/\/csc-briare.fr\/index.php?rest_route=\/wp\/v2\/users\/1"}],"replies":[{"embeddable":true,"href":"https:\/\/csc-briare.fr\/index.php?rest_route=%2Fwp%2Fv2%2Fcomments&post=884"}],"version-history":[{"count":6,"href":"https:\/\/csc-briare.fr\/index.php?rest_route=\/wp\/v2\/pages\/884\/revisions"}],"predecessor-version":[{"id":902,"href":"https:\/\/csc-briare.fr\/index.php?rest_route=\/wp\/v2\/pages\/884\/revisions\/902"}],"wp:attachment":[{"href":"https:\/\/csc-briare.fr\/index.php?rest_route=%2Fwp%2Fv2%2Fmedia&parent=884"}],"curies":[{"name":"wp","href":"https:\/\/api.w.org\/{rel}","templated":true}]}}